{"id":319,"date":"2018-10-15T18:26:29","date_gmt":"2018-10-15T15:26:29","guid":{"rendered":"https:\/\/espresso.ee\/%d0%ba%d0%be%d0%bd%d1%82%d0%b0%d0%ba%d1%82%d1%8b\/"},"modified":"2019-09-10T15:46:30","modified_gmt":"2019-09-10T12:46:30","slug":"%d0%ba%d0%be%d0%bd%d1%82%d0%b0%d0%ba%d1%82%d1%8b","status":"publish","type":"page","link":"https:\/\/espresso.ee\/ru\/%d0%ba%d0%be%d0%bd%d1%82%d0%b0%d0%ba%d1%82%d1%8b\/","title":{"rendered":"\u041a\u043e\u043d\u0442\u0430\u043a\u0442\u044b"},"content":{"rendered":"<section class=\"l-section wpb_row height_medium\"><div class=\"l-section-h i-cf\"><div class=\"g-cols vc_row via_flex valign_top type_default stacking_default\"><div class=\"vc_col-sm-12 wpb_column vc_column_container\"><div class=\"vc_column-inner\"><div class=\"wpb_wrapper\"><div class=\"w-map provider_google\" id=\"us_map_1\"><div class=\"w-map-inner\"><div class=\"w-map-json\" onclick='return {&quot;address&quot;:&quot;L\\u00f5una tee 10, J\\u00e4rvek\\u00fcla, Rae vald&quot;,&quot;disableDragging&quot;:0,&quot;disableZoom&quot;:0,&quot;hideControls&quot;:0,&quot;zoom&quot;:14,&quot;markers&quot;:[{&quot;address&quot;:&quot;L\\u00f5una tee 10, J\\u00e4rvek\\u00fcla, Rae vald&quot;,&quot;html&quot;:&quot;&lt;h6&gt;Boon&lt;\\\/h6&gt;&quot;,&quot;infowindow&quot;:0}],&quot;maptype&quot;:&quot;ROADMAP&quot;}'><\/div><\/div><\/div><div class=\"wpb_text_column\"><div class=\"wpb_wrapper\"><h1>\u041a\u041e\u041d\u0422\u0410\u041a\u0422\u042b<\/h1>\n<\/div><\/div><div class=\"g-cols wpb_row via_flex valign_top type_default stacking_default\"><div class=\"vc_col-sm-12 wpb_column vc_column_container\"><div class=\"vc_column-inner\"><div class=\"wpb_wrapper\"><div class=\"w-image align_none\"><div class=\"w-image-h\"><img decoding=\"async\" width=\"900\" height=\"214\" src=\"https:\/\/espresso.ee\/wp-content\/uploads\/2018\/10\/Boon_Jura_Kohvipood.jpg\" class=\"attachment-full size-full\" alt=\"Espresso kohvipood, Jura\" loading=\"lazy\" srcset=\"https:\/\/espresso.ee\/wp-content\/uploads\/2018\/10\/Boon_Jura_Kohvipood.jpg 900w, https:\/\/espresso.ee\/wp-content\/uploads\/2018\/10\/Boon_Jura_Kohvipood-600x143.jpg 600w, https:\/\/espresso.ee\/wp-content\/uploads\/2018\/10\/Boon_Jura_Kohvipood-300x71.jpg 300w\" sizes=\"auto, (max-width: 900px) 100vw, 900px\" \/><\/div><\/div><div class=\"wpb_text_column\"><div class=\"wpb_wrapper\"><p><strong>Boon O\u00dc<\/strong><\/p>\n<p>\u0420\u0435\u0433. \u043d\u0440.: 11713789<br \/>\nKMKR EE101317650<br \/>\n\u0420\u0430\u0441\u0447\u0435\u0442\u043d\u044b\u0439 \u0441\u0447\u0435\u0442: LHV Pank EE497700771001163767<br \/>\n\u0412\u044b \u043c\u043e\u0436\u0435\u0442\u0435 \u0441\u0432\u044f\u0437\u0430\u0442\u044c\u0441\u044f \u0441 \u043d\u0430\u0448\u0438\u043c\u0438 \u043a\u043e\u043d\u0441\u0443\u043b\u044c\u0442\u0430\u043d\u0442\u0430\u043c\u0438:<br \/>\n\u043f\u043e \u0440\u0430\u0431\u043e\u0447\u0438\u043c \u0434\u043d\u044f\u043c \u0441 8:00 \u0434\u043e 20:00,<br \/>\n\u043f\u043e \u0441\u0443\u0431\u0431\u043e\u0442\u0430\u043c \u0438 \u0432\u043e\u0441\u043a\u0440\u0435\u0441\u0435\u043d\u044c\u044f\u043c \u0441 10:00 \u0434\u043e 18:00.<\/p>\n<p>\u042d-\u043f\u043e\u0447\u0442\u0430:\u00a0<a href=\"mailto:info@boon.ee\">info@boon.ee<\/a><br \/>\n\u0422\u0435\u043b\u0435\u0444\u043e\u043d:\u00a0<a href=\"tel:+372 501 1011\">+372 501 1011<\/a>\u00a0\u0420\u0435\u043d\u00e9<\/p>\n<p>\u041f\u0440\u0435\u0434\u0441\u0442\u0430\u0432\u0438\u0442\u0435\u043b\u044c\u043d\u044b\u0439 \u0441\u0430\u043b\u043e\u043d:<br \/>\nL\u00f5una tee 10, J\u00e4rvek\u00fcla, Rae vald, Harju mk, 75304<br \/>\n\u041f\u043e\u043d.-\u041f\u044f\u0442\u043d.: 9.00 \u2014 17.00<\/p>\n<p><strong>\u041d\u0430\u043f\u0438\u0448\u0438\u0442\u0435 \u043d\u0430\u043c! \u041c\u044b \u043f\u043e\u043c\u043e\u0436\u0435\u043c \u0412\u0430\u043c \u0432\u044b\u0431\u0440\u0430\u0442\u044c \u0438 \u0437\u0430\u043a\u0430\u0437\u0430\u0442\u044c \u043a\u043e\u0444\u0435 \u0438\u043b\u0438 \u044d\u0441\u043f\u0440\u0435\u0441\u0441\u043e-\u043c\u0430\u0448\u0438\u043d\u0443 JURA, \u043a\u043e\u0442\u043e\u0440\u044b\u0435 \u043d\u0430\u0438\u0431\u043e\u043b\u0435\u0435 \u043f\u043e\u0434\u043e\u0439\u0434\u0443\u0442 \u0438\u043c\u0435\u043d\u043d\u043e \u0412\u0430\u043c. \u041c\u044b \u0445\u043e\u0442\u0438\u043c, \u0447\u0442\u043e \u0431\u044b \u0432\u044b \u043d\u0430\u0441\u043b\u0430\u0436\u0434\u0430\u043b\u0438\u0441\u044c \u0441\u0432\u043e\u0438\u043c \u0443\u0442\u0440\u043e\u043c \u0438 \u0445\u043e\u0440\u043e\u0448\u0438\u043c \u043a\u043e\u0444\u0435 \u043a\u0430\u0436\u0434\u044b\u0439 \u0434\u0435\u043d\u044c!<\/strong><\/p>\n<\/div><\/div><\/div><\/div><\/div><\/div><p class=\"wpcf7-contact-form-not-found\"><strong>\u041e\u0448\u0438\u0431\u043a\u0430:<\/strong> \u041a\u043e\u043d\u0442\u0430\u043a\u0442\u043d\u0430\u044f \u0444\u043e\u0440\u043c\u0430 \u043d\u0435 \u043d\u0430\u0439\u0434\u0435\u043d\u0430.<\/p><\/div><\/div><\/div><\/div><\/div><\/section>\n","protected":false},"excerpt":{"rendered":"\u041a\u041e\u041d\u0422\u0410\u041a\u0422\u042b Boon O\u00dc \u0420\u0435\u0433. \u043d\u0440.: 11713789 KMKR EE101317650 \u0420\u0430\u0441\u0447\u0435\u0442\u043d\u044b\u0439 \u0441\u0447\u0435\u0442: LHV Pank EE497700771001163767 \u0412\u044b \u043c\u043e\u0436\u0435\u0442\u0435 \u0441\u0432\u044f\u0437\u0430\u0442\u044c\u0441\u044f \u0441 \u043d\u0430\u0448\u0438\u043c\u0438 \u043a\u043e\u043d\u0441\u0443\u043b\u044c\u0442\u0430\u043d\u0442\u0430\u043c\u0438: \u043f\u043e \u0440\u0430\u0431\u043e\u0447\u0438\u043c \u0434\u043d\u044f\u043c \u0441 8:00 \u0434\u043e 20:00, \u043f\u043e \u0441\u0443\u0431\u0431\u043e\u0442\u0430\u043c \u0438 \u0432\u043e\u0441\u043a\u0440\u0435\u0441\u0435\u043d\u044c\u044f\u043c \u0441 10:00 \u0434\u043e 18:00. \u042d-\u043f\u043e\u0447\u0442\u0430:\u00a0info@boon.ee \u0422\u0435\u043b\u0435\u0444\u043e\u043d:\u00a0+372 501 1011\u00a0\u0420\u0435\u043d\u00e9 \u041f\u0440\u0435\u0434\u0441\u0442\u0430\u0432\u0438\u0442\u0435\u043b\u044c\u043d\u044b\u0439 \u0441\u0430\u043b\u043e\u043d: L\u00f5una tee 10, J\u00e4rvek\u00fcla, Rae vald, Harju mk, 75304 \u041f\u043e\u043d.-\u041f\u044f\u0442\u043d.: 9.00 \u2014 17.00 \u041d\u0430\u043f\u0438\u0448\u0438\u0442\u0435 \u043d\u0430\u043c!...","protected":false},"author":18,"featured_media":0,"parent":0,"menu_order":0,"comment_status":"closed","ping_status":"closed","template":"","meta":{"_acf_changed":false,"footnotes":""},"class_list":["post-319","page","type-page","status-publish","hentry"],"acf":[],"yoast_head":"<!-- This site is optimized with the Yoast SEO plugin v27.3 - https:\/\/yoast.com\/product\/yoast-seo-wordpress\/ -->\n<title>\u041a\u043e\u043d\u0442\u0430\u043a\u0442\u044b | Boon kohvipood<\/title>\n<meta name=\"robots\" content=\"index, follow, max-snippet:-1, max-image-preview:large, max-video-preview:-1\" \/>\n<link rel=\"canonical\" href=\"https:\/\/espresso.ee\/ru\/\u043a\u043e\u043d\u0442\u0430\u043a\u0442\u044b\/\" \/>\n<meta property=\"og:locale\" content=\"ru_RU\" \/>\n<meta property=\"og:type\" content=\"article\" \/>\n<meta property=\"og:title\" content=\"\u041a\u043e\u043d\u0442\u0430\u043a\u0442\u044b | Boon kohvipood\" \/>\n<meta property=\"og:url\" content=\"https:\/\/espresso.ee\/ru\/\u043a\u043e\u043d\u0442\u0430\u043a\u0442\u044b\/\" \/>\n<meta property=\"og:site_name\" content=\"Boon kohvipood\" \/>\n<meta property=\"article:modified_time\" content=\"2019-09-10T12:46:30+00:00\" \/>\n<meta name=\"twitter:card\" content=\"summary_large_image\" \/>\n<script type=\"application\/ld+json\" class=\"yoast-schema-graph\">{\"@context\":\"https:\\\/\\\/schema.org\",\"@graph\":[{\"@type\":\"WebPage\",\"@id\":\"https:\\\/\\\/espresso.ee\\\/ru\\\/%d0%ba%d0%be%d0%bd%d1%82%d0%b0%d0%ba%d1%82%d1%8b\\\/\",\"url\":\"https:\\\/\\\/espresso.ee\\\/ru\\\/%d0%ba%d0%be%d0%bd%d1%82%d0%b0%d0%ba%d1%82%d1%8b\\\/\",\"name\":\"\u041a\u043e\u043d\u0442\u0430\u043a\u0442\u044b | Boon kohvipood\",\"isPartOf\":{\"@id\":\"https:\\\/\\\/espresso.ee\\\/#website\"},\"datePublished\":\"2018-10-15T15:26:29+00:00\",\"dateModified\":\"2019-09-10T12:46:30+00:00\",\"breadcrumb\":{\"@id\":\"https:\\\/\\\/espresso.ee\\\/ru\\\/%d0%ba%d0%be%d0%bd%d1%82%d0%b0%d0%ba%d1%82%d1%8b\\\/#breadcrumb\"},\"inLanguage\":\"ru-RU\",\"potentialAction\":[{\"@type\":\"ReadAction\",\"target\":[\"https:\\\/\\\/espresso.ee\\\/ru\\\/%d0%ba%d0%be%d0%bd%d1%82%d0%b0%d0%ba%d1%82%d1%8b\\\/\"]}]},{\"@type\":\"BreadcrumbList\",\"@id\":\"https:\\\/\\\/espresso.ee\\\/ru\\\/%d0%ba%d0%be%d0%bd%d1%82%d0%b0%d0%ba%d1%82%d1%8b\\\/#breadcrumb\",\"itemListElement\":[{\"@type\":\"ListItem\",\"position\":1,\"name\":\"Home\",\"item\":\"https:\\\/\\\/espresso.ee\\\/\"},{\"@type\":\"ListItem\",\"position\":2,\"name\":\"\u041a\u043e\u043d\u0442\u0430\u043a\u0442\u044b\"}]},{\"@type\":\"WebSite\",\"@id\":\"https:\\\/\\\/espresso.ee\\\/#website\",\"url\":\"https:\\\/\\\/espresso.ee\\\/\",\"name\":\"Boon kohvipood\",\"description\":\"\",\"publisher\":{\"@id\":\"https:\\\/\\\/espresso.ee\\\/#organization\"},\"potentialAction\":[{\"@type\":\"SearchAction\",\"target\":{\"@type\":\"EntryPoint\",\"urlTemplate\":\"https:\\\/\\\/espresso.ee\\\/?s={search_term_string}\"},\"query-input\":{\"@type\":\"PropertyValueSpecification\",\"valueRequired\":true,\"valueName\":\"search_term_string\"}}],\"inLanguage\":\"ru-RU\"},{\"@type\":\"Organization\",\"@id\":\"https:\\\/\\\/espresso.ee\\\/#organization\",\"name\":\"Espresso Grupp O\u00dc\",\"url\":\"https:\\\/\\\/espresso.ee\\\/\",\"logo\":{\"@type\":\"ImageObject\",\"inLanguage\":\"ru-RU\",\"@id\":\"https:\\\/\\\/espresso.ee\\\/#\\\/schema\\\/logo\\\/image\\\/\",\"url\":\"https:\\\/\\\/espresso.ee\\\/wp-content\\\/uploads\\\/2019\\\/04\\\/Espresso-logo-invoice.png\",\"contentUrl\":\"https:\\\/\\\/espresso.ee\\\/wp-content\\\/uploads\\\/2019\\\/04\\\/Espresso-logo-invoice.png\",\"width\":700,\"height\":129,\"caption\":\"Espresso Grupp O\u00dc\"},\"image\":{\"@id\":\"https:\\\/\\\/espresso.ee\\\/#\\\/schema\\\/logo\\\/image\\\/\"}}]}<\/script>\n<!-- \/ Yoast SEO plugin. -->","yoast_head_json":{"title":"\u041a\u043e\u043d\u0442\u0430\u043a\u0442\u044b | Boon kohvipood","robots":{"index":"index","follow":"follow","max-snippet":"max-snippet:-1","max-image-preview":"max-image-preview:large","max-video-preview":"max-video-preview:-1"},"canonical":"https:\/\/espresso.ee\/ru\/\u043a\u043e\u043d\u0442\u0430\u043a\u0442\u044b\/","og_locale":"ru_RU","og_type":"article","og_title":"\u041a\u043e\u043d\u0442\u0430\u043a\u0442\u044b | Boon kohvipood","og_url":"https:\/\/espresso.ee\/ru\/\u043a\u043e\u043d\u0442\u0430\u043a\u0442\u044b\/","og_site_name":"Boon kohvipood","article_modified_time":"2019-09-10T12:46:30+00:00","twitter_card":"summary_large_image","schema":{"@context":"https:\/\/schema.org","@graph":[{"@type":"WebPage","@id":"https:\/\/espresso.ee\/ru\/%d0%ba%d0%be%d0%bd%d1%82%d0%b0%d0%ba%d1%82%d1%8b\/","url":"https:\/\/espresso.ee\/ru\/%d0%ba%d0%be%d0%bd%d1%82%d0%b0%d0%ba%d1%82%d1%8b\/","name":"\u041a\u043e\u043d\u0442\u0430\u043a\u0442\u044b | Boon kohvipood","isPartOf":{"@id":"https:\/\/espresso.ee\/#website"},"datePublished":"2018-10-15T15:26:29+00:00","dateModified":"2019-09-10T12:46:30+00:00","breadcrumb":{"@id":"https:\/\/espresso.ee\/ru\/%d0%ba%d0%be%d0%bd%d1%82%d0%b0%d0%ba%d1%82%d1%8b\/#breadcrumb"},"inLanguage":"ru-RU","potentialAction":[{"@type":"ReadAction","target":["https:\/\/espresso.ee\/ru\/%d0%ba%d0%be%d0%bd%d1%82%d0%b0%d0%ba%d1%82%d1%8b\/"]}]},{"@type":"BreadcrumbList","@id":"https:\/\/espresso.ee\/ru\/%d0%ba%d0%be%d0%bd%d1%82%d0%b0%d0%ba%d1%82%d1%8b\/#breadcrumb","itemListElement":[{"@type":"ListItem","position":1,"name":"Home","item":"https:\/\/espresso.ee\/"},{"@type":"ListItem","position":2,"name":"\u041a\u043e\u043d\u0442\u0430\u043a\u0442\u044b"}]},{"@type":"WebSite","@id":"https:\/\/espresso.ee\/#website","url":"https:\/\/espresso.ee\/","name":"Boon kohvipood","description":"","publisher":{"@id":"https:\/\/espresso.ee\/#organization"},"potentialAction":[{"@type":"SearchAction","target":{"@type":"EntryPoint","urlTemplate":"https:\/\/espresso.ee\/?s={search_term_string}"},"query-input":{"@type":"PropertyValueSpecification","valueRequired":true,"valueName":"search_term_string"}}],"inLanguage":"ru-RU"},{"@type":"Organization","@id":"https:\/\/espresso.ee\/#organization","name":"Espresso Grupp O\u00dc","url":"https:\/\/espresso.ee\/","logo":{"@type":"ImageObject","inLanguage":"ru-RU","@id":"https:\/\/espresso.ee\/#\/schema\/logo\/image\/","url":"https:\/\/espresso.ee\/wp-content\/uploads\/2019\/04\/Espresso-logo-invoice.png","contentUrl":"https:\/\/espresso.ee\/wp-content\/uploads\/2019\/04\/Espresso-logo-invoice.png","width":700,"height":129,"caption":"Espresso Grupp O\u00dc"},"image":{"@id":"https:\/\/espresso.ee\/#\/schema\/logo\/image\/"}}]}},"_links":{"self":[{"href":"https:\/\/espresso.ee\/ru\/wp-json\/wp\/v2\/pages\/319","targetHints":{"allow":["GET"]}}],"collection":[{"href":"https:\/\/espresso.ee\/ru\/wp-json\/wp\/v2\/pages"}],"about":[{"href":"https:\/\/espresso.ee\/ru\/wp-json\/wp\/v2\/types\/page"}],"author":[{"embeddable":true,"href":"https:\/\/espresso.ee\/ru\/wp-json\/wp\/v2\/users\/18"}],"replies":[{"embeddable":true,"href":"https:\/\/espresso.ee\/ru\/wp-json\/wp\/v2\/comments?post=319"}],"version-history":[{"count":0,"href":"https:\/\/espresso.ee\/ru\/wp-json\/wp\/v2\/pages\/319\/revisions"}],"wp:attachment":[{"href":"https:\/\/espresso.ee\/ru\/wp-json\/wp\/v2\/media?parent=319"}],"curies":[{"name":"wp","href":"https:\/\/api.w.org\/{rel}","templated":true}]}}